{"id":409,"date":"2012-08-22T02:52:08","date_gmt":"2012-08-22T05:52:08","guid":{"rendered":"http:\/\/www.goaco.ind.br\/?page_id=409"},"modified":"2012-08-28T01:03:23","modified_gmt":"2012-08-28T04:03:23","slug":"vulcanic-gold-160","status":"publish","type":"page","link":"http:\/\/www.goaco.ind.br\/?page_id=409","title":{"rendered":"Vulcanic Gold 160"},"content":{"rendered":"<table>\n<tbody>\n<tr>\n<td style=\"text-align: justify;\" valign=\"top\" width=\"600px\">Motor principal: 11\/ 15 Kw<br \/>\n2 Torno CNC<br \/>\n&nbsp;<br \/>\n&nbsp;<br \/>\n<strong>Caracter\u00edsticas construtivas principais:<\/strong><\/p>\n<ul>\n<li>Base e barramento de 30\u00b0 s\u00e3o fundidos em uma \u00fanica pe\u00e7a, de Meehanite, com t\u00eampera garantindo rigidez.<\/li>\n<li>Resist\u00eancia a tor\u00e7\u00e3o e vibra\u00e7\u00e3o e alta precis\u00e3o.<\/li>\n<li>O spindle \u00e9 r\u00edgido e com rolamento de qualidade superior facilitando ta remo\u00e7\u00e3o de cavacos em maior quantidade e garantindo altas rota\u00e7\u00f5es precisas.<\/li>\n<li>Torre autom\u00e1tica hidr\u00e1ulica de 12 posi\u00e7\u00f5es refor\u00e7ada, com alta precis\u00e3o de indexa\u00e7\u00e3o e grande rigidez, aumentando a vida \u00fatil das ferramentas.<\/li>\n<li>Cabe\u00e7ote hidr\u00e1ulico program\u00e1vel, de simples ajuste e f\u00e1cil opera\u00e7\u00e3o.<\/li>\n<\/ul>\n<div><\/div>\n<div><\/div>\n<p>&nbsp;<br \/>\n<strong>Caracter\u00edsticas t\u00e9cnicas principais:<\/strong><\/p>\n<ul>\n<li>Di\u00e2metro usin\u00e1vel: 250 mm;<\/li>\n<li>Torre com 12 posi\u00e7\u00f5es de ferramentas<\/li>\n<li>Comprimento usin\u00e1vel: 560 mm;<\/li>\n<li>Di\u00e2metro do furo da \u00e1rvore: 52 mm<\/li>\n<li>Rota\u00e7\u00e3o: 40-4000 rpm;<\/li>\n<li>Di\u00e2metro da \u00e1rvore: 100 mm;<\/li>\n<li>Avan\u00e7o r\u00e1pido em x: 20 m\/min;<\/li>\n<li>Avan\u00e7o r\u00e1pido em Z: 20 m\/min;<\/li>\n<li>Placa hidr\u00e1ulica;<\/li>\n<li>Ponto programado<\/li>\n<li>Comando Fanuc.<\/li>\n<\/ul>\n<\/td>\n<td align=\"right\" valign=\"top\" width=\"400px\"><span style=\"color: #333333; font-family: Georgia, 'Times New Roman', 'Bitstream Charter', Times, serif; font-size: small;\"><span style=\"line-height: 19px;\"><img loading=\"lazy\" decoding=\"async\" class=\" wp-image-464 alignright\" style=\"margin-top: 50px; margin-bottom: 50px;\" title=\"Vulcanic Gold 160\" src=\"http:\/\/www.goaco.ind.br\/wp-content\/uploads\/2012\/08\/vulcanicgold160-1.png\" alt=\"\" width=\"318\" height=\"212\" srcset=\"http:\/\/www.goaco.ind.br\/wp-content\/uploads\/2012\/08\/vulcanicgold160-1.png 397w, http:\/\/www.goaco.ind.br\/wp-content\/uploads\/2012\/08\/vulcanicgold160-1-300x200.png 300w\" sizes=\"(max-width: 318px) 100vw, 318px\" \/><\/span><\/span><\/p>\n<p><img loading=\"lazy\" decoding=\"async\" class=\" wp-image-463 alignright\" title=\"Vulcanic Gold 160\" src=\"http:\/\/www.goaco.ind.br\/wp-content\/uploads\/2012\/08\/vulcanicgold160.png\" alt=\"\" width=\"318\" height=\"212\" srcset=\"http:\/\/www.goaco.ind.br\/wp-content\/uploads\/2012\/08\/vulcanicgold160.png 397w, http:\/\/www.goaco.ind.br\/wp-content\/uploads\/2012\/08\/vulcanicgold160-300x200.png 300w\" sizes=\"(max-width: 318px) 100vw, 318px\" \/><\/td>\n<\/tr>\n<\/tbody>\n<\/table>\n","protected":false},"excerpt":{"rendered":"<p>Motor principal: 11\/ 15 Kw 2 Torno CNC &nbsp; &nbsp; Caracter\u00edsticas construtivas principais: Base e barramento de 30\u00b0 s\u00e3o fundidos em uma \u00fanica pe\u00e7a, de Meehanite, com t\u00eampera garantindo rigidez. Resist\u00eancia a tor\u00e7\u00e3o e vibra\u00e7\u00e3o e alta precis\u00e3o. O spindle \u00e9 r\u00edgido e com rolamento de qualidade superior facilitando ta remo\u00e7\u00e3o de cavacos em maior [&hellip;]<\/p>\n","protected":false},"author":1,"featured_media":0,"parent":0,"menu_order":0,"comment_status":"open","ping_status":"open","template":"page-full.php","meta":{"footnotes":""},"_links":{"self":[{"href":"http:\/\/www.goaco.ind.br\/index.php?rest_route=\/wp\/v2\/pages\/409"}],"collection":[{"href":"http:\/\/www.goaco.ind.br\/index.php?rest_route=\/wp\/v2\/pages"}],"about":[{"href":"http:\/\/www.goaco.ind.br\/index.php?rest_route=\/wp\/v2\/types\/page"}],"author":[{"embeddable":true,"href":"http:\/\/www.goaco.ind.br\/index.php?rest_route=\/wp\/v2\/users\/1"}],"replies":[{"embeddable":true,"href":"http:\/\/www.goaco.ind.br\/index.php?rest_route=%2Fwp%2Fv2%2Fcomments&post=409"}],"version-history":[{"count":16,"href":"http:\/\/www.goaco.ind.br\/index.php?rest_route=\/wp\/v2\/pages\/409\/revisions"}],"predecessor-version":[{"id":467,"href":"http:\/\/www.goaco.ind.br\/index.php?rest_route=\/wp\/v2\/pages\/409\/revisions\/467"}],"wp:attachment":[{"href":"http:\/\/www.goaco.ind.br\/index.php?rest_route=%2Fwp%2Fv2%2Fmedia&parent=409"}],"curies":[{"name":"wp","href":"https:\/\/api.w.org\/{rel}","templated":true}]}}