{"id":475,"date":"2012-08-28T01:12:41","date_gmt":"2012-08-28T04:12:41","guid":{"rendered":"http:\/\/www.goaco.ind.br\/?page_id=475"},"modified":"2012-08-28T01:35:18","modified_gmt":"2012-08-28T04:35:18","slug":"logic-500","status":"publish","type":"page","link":"http:\/\/www.goaco.ind.br\/?page_id=475","title":{"rendered":"Logic 500"},"content":{"rendered":"<table width=\"876\">\n<tbody>\n<tr>\n<td rowspan=\"2\" align=\"justify\" valign=\"top\" width=\"438\">\n<p>&nbsp;<\/p>\n<p>3 Torno CNC<\/p>\n<ul>\n<li>Di\u00e2metro admiss\u00edvel sobre barramento<\/li>\n<li>Curso do carro transversal: 500 mm<\/li>\n<li>Di\u00e2metro admiss\u00edvel sobre carro transversal: 650 mm;<\/li>\n<li>Sec\u00e7\u00e3o do cabo ferramentas: 40 X 40 mm;<\/li>\n<li>Torno preparado para usinar tambores de freio para caminh\u00f5es, etc.<\/li>\n<\/ul>\n<\/td>\n<td width=\"438\">\n<p style=\"text-align: center;\">\u00a0<a href=\"http:\/\/www.goaco.ind.br\/wp-content\/uploads\/2012\/08\/logic500-1.png\"><img loading=\"lazy\" decoding=\"async\" class=\"size-full wp-image-477 aligncenter\" style=\"margin-bottom: 50px;\" title=\"Logic 500\" src=\"http:\/\/www.goaco.ind.br\/wp-content\/uploads\/2012\/08\/logic500-1.png\" alt=\"\" width=\"332\" height=\"216\" srcset=\"http:\/\/www.goaco.ind.br\/wp-content\/uploads\/2012\/08\/logic500-1.png 332w, http:\/\/www.goaco.ind.br\/wp-content\/uploads\/2012\/08\/logic500-1-300x195.png 300w\" sizes=\"(max-width: 332px) 100vw, 332px\" \/><\/a><\/p>\n<p style=\"text-align: center;\"><a href=\"http:\/\/www.goaco.ind.br\/wp-content\/uploads\/2012\/08\/logic500.png\"><img loading=\"lazy\" decoding=\"async\" class=\"size-full wp-image-476 aligncenter\" title=\"Logic 500\" src=\"http:\/\/www.goaco.ind.br\/wp-content\/uploads\/2012\/08\/logic500.png\" alt=\"\" width=\"332\" height=\"197\" srcset=\"http:\/\/www.goaco.ind.br\/wp-content\/uploads\/2012\/08\/logic500.png 332w, http:\/\/www.goaco.ind.br\/wp-content\/uploads\/2012\/08\/logic500-300x178.png 300w\" sizes=\"(max-width: 332px) 100vw, 332px\" \/><\/a><\/p>\n<\/td>\n<\/tr>\n<tr>\n<td>\u00a0<\/td>\n<\/tr>\n<\/tbody>\n<\/table>\n","protected":false},"excerpt":{"rendered":"<p>&nbsp; 3 Torno CNC Di\u00e2metro admiss\u00edvel sobre barramento Curso do carro transversal: 500 mm Di\u00e2metro admiss\u00edvel sobre carro transversal: 650 mm; Sec\u00e7\u00e3o do cabo ferramentas: 40 X 40 mm; Torno preparado para usinar tambores de freio para caminh\u00f5es, etc. \u00a0 \u00a0<\/p>\n","protected":false},"author":1,"featured_media":0,"parent":0,"menu_order":0,"comment_status":"open","ping_status":"open","template":"page-full.php","meta":{"footnotes":""},"_links":{"self":[{"href":"http:\/\/www.goaco.ind.br\/index.php?rest_route=\/wp\/v2\/pages\/475"}],"collection":[{"href":"http:\/\/www.goaco.ind.br\/index.php?rest_route=\/wp\/v2\/pages"}],"about":[{"href":"http:\/\/www.goaco.ind.br\/index.php?rest_route=\/wp\/v2\/types\/page"}],"author":[{"embeddable":true,"href":"http:\/\/www.goaco.ind.br\/index.php?rest_route=\/wp\/v2\/users\/1"}],"replies":[{"embeddable":true,"href":"http:\/\/www.goaco.ind.br\/index.php?rest_route=%2Fwp%2Fv2%2Fcomments&post=475"}],"version-history":[{"count":8,"href":"http:\/\/www.goaco.ind.br\/index.php?rest_route=\/wp\/v2\/pages\/475\/revisions"}],"predecessor-version":[{"id":507,"href":"http:\/\/www.goaco.ind.br\/index.php?rest_route=\/wp\/v2\/pages\/475\/revisions\/507"}],"wp:attachment":[{"href":"http:\/\/www.goaco.ind.br\/index.php?rest_route=%2Fwp%2Fv2%2Fmedia&parent=475"}],"curies":[{"name":"wp","href":"https:\/\/api.w.org\/{rel}","templated":true}]}}