{"id":66,"date":"2012-06-04T16:48:32","date_gmt":"2012-06-04T19:48:32","guid":{"rendered":"http:\/\/www.plenatech.com.br\/?page_id=66"},"modified":"2021-07-15T17:44:57","modified_gmt":"2021-07-15T20:44:57","slug":"servicos","status":"publish","type":"page","link":"http:\/\/www.goaco.ind.br\/?page_id=66","title":{"rendered":"Produtos"},"content":{"rendered":"<table>\n<tbody>\n<tr>\n<td style=\"text-align: justify;\" align=\"center\" valign=\"top\">Com m\u00e1quinas de alta tecnologia, e profissionais treinados, a Go A\u00e7o pode oferecer a seus clientes pe\u00e7as de qualidade, contando com o Sistema de gest\u00e3o da qualidade norma ISO 9001\/2015.<!--more--><\/td>\n<td><img loading=\"lazy\" decoding=\"async\" class=\"alignright  wp-image-287\" title=\"Produtos\" src=\"http:\/\/www.goaco.ind.br\/wp-content\/uploads\/2012\/10\/produtos-page1.jpg\" alt=\"\" width=\"400\" height=\"292\" \/><\/td>\n<\/tr>\n<tr>\n<td><\/td>\n<td><\/td>\n<\/tr>\n<\/tbody>\n<\/table>\n","protected":false},"excerpt":{"rendered":"<p>Com m\u00e1quinas de alta tecnologia, e profissionais treinados, a Go A\u00e7o pode oferecer a seus clientes pe\u00e7as de qualidade, contando com o Sistema de gest\u00e3o da qualidade norma ISO 9001\/2015.<\/p>\n","protected":false},"author":1,"featured_media":0,"parent":0,"menu_order":2,"comment_status":"closed","ping_status":"closed","template":"page-full.php","meta":{"footnotes":""},"_links":{"self":[{"href":"http:\/\/www.goaco.ind.br\/index.php?rest_route=\/wp\/v2\/pages\/66"}],"collection":[{"href":"http:\/\/www.goaco.ind.br\/index.php?rest_route=\/wp\/v2\/pages"}],"about":[{"href":"http:\/\/www.goaco.ind.br\/index.php?rest_route=\/wp\/v2\/types\/page"}],"author":[{"embeddable":true,"href":"http:\/\/www.goaco.ind.br\/index.php?rest_route=\/wp\/v2\/users\/1"}],"replies":[{"embeddable":true,"href":"http:\/\/www.goaco.ind.br\/index.php?rest_route=%2Fwp%2Fv2%2Fcomments&post=66"}],"version-history":[{"count":31,"href":"http:\/\/www.goaco.ind.br\/index.php?rest_route=\/wp\/v2\/pages\/66\/revisions"}],"predecessor-version":[{"id":637,"href":"http:\/\/www.goaco.ind.br\/index.php?rest_route=\/wp\/v2\/pages\/66\/revisions\/637"}],"wp:attachment":[{"href":"http:\/\/www.goaco.ind.br\/index.php?rest_route=%2Fwp%2Fv2%2Fmedia&parent=66"}],"curies":[{"name":"wp","href":"https:\/\/api.w.org\/{rel}","templated":true}]}}